{"id":6181,"date":"2025-04-26T22:43:56","date_gmt":"2025-04-26T20:43:56","guid":{"rendered":"https:\/\/olijfboom-shop.be\/?post_type=product&#038;p=6181"},"modified":"2025-05-17T15:40:43","modified_gmt":"2025-05-17T13:40:43","slug":"nudelholz-aus-olivenholz","status":"publish","type":"product","link":"https:\/\/olijfboom-shop.be\/de\/kaufen\/nudelholz-aus-olivenholz\/","title":{"rendered":"Nudelholz aus Olivenholz"},"content":{"rendered":"<p>Nudelholz aus Olivenholz - Handgefertigt &amp; Langlebig<\/p>\n<p>Bringen Sie ein bisschen mediterranen Charme in Ihre K\u00fcche mit diesem <strong>einzigartiges handgefertigtes Nudelholz aus Olivenholz<\/strong>. Dieses robuste und elegante K\u00fcchengeschirr ist nicht nur funktional, sondern auch ein sch\u00f6nes St\u00fcck Handwerkskunst. Jeder Olivewood-Artikel wird sorgf\u00e4ltig aus 100% gefertigt. <strong>nat\u00fcrliches Olivenholz<\/strong>Dadurch gleicht kein St\u00fcck dem anderen. Die Realit\u00e4t kann daher von der Abbildung abweichen, was jedes St\u00fcck zu einem Unikat macht.<\/p>\n<p><strong>Warum sollten Sie sich f\u00fcr das Nudelholz Olivewood entscheiden?<\/strong><\/p>\n<ul>\n<li><strong>Einzigartiges Kunsthandwerk<\/strong>: Jede Olivewood-Zange ist handgefertigt und somit ein exklusives St\u00fcck f\u00fcr Ihre K\u00fcche.<\/li>\n<li><strong>100% nat\u00fcrlich<\/strong>: Hergestellt aus <strong>Olivenholz<\/strong>ohne Zusatz von Chemikalien, ideal f\u00fcr alle, die eine umweltfreundliche L\u00f6sung suchen.<\/li>\n<li><strong data-start=\"910\" data-end=\"931\">Stark und langlebig<\/strong>Olivenholz ist bekannt f\u00fcr seine robusten Eigenschaften und seine Langlebigkeit, so dass Sie jahrelang Freude an diesem praktischen und sch\u00f6nen K\u00fcchenzubeh\u00f6r haben werden.<\/li>\n<\/ul>\n<p>Pflegetipp f\u00fcr Langlebigkeit: Um die Sch\u00f6nheit Ihres Olivewood-Artikels zu erhalten, empfehlen wir, ihn mit Wasser und einem biologischen Reinigungsmittel zu waschen. F\u00fcr zus\u00e4tzliche Pflege und Glanz k\u00f6nnen Sie es gelegentlich mit <strong>Oliven\u00f6l<\/strong>Dies sch\u00fctzt das Holz und bewahrt sein nat\u00fcrliches Aussehen.<\/p>\n<p><strong data-start=\"1405\" data-end=\"1454\">Vorteile des Nudelholzes aus Olivenholz :<\/strong><\/p>\n<ul>\n<li>Handgefertigt und einzigartig<\/li>\n<li>100% nat\u00fcrliches Olivenholz<\/li>\n<li>Frei von Chemikalien<\/li>\n<li>Langlebig und stark<\/li>\n<li>Ideal zum Zerkleinern von N\u00fcssen und als stilvolles K\u00fcchenaccessoire<\/li>\n<\/ul>\n<p>Erg\u00e4nzen Sie Ihr K\u00fcchenzubeh\u00f6r um das sch\u00f6ne Nudelholz aus Olivewood und genie\u00dfen Sie die Kombination aus <strong>Funktionalit\u00e4t<\/strong> und <strong>nat\u00fcrliche Sch\u00f6nheit<\/strong>.<\/p>","protected":false},"excerpt":{"rendered":"<p>Dies ist ein handgefertigtes Einzelst\u00fcck aus Olivenholz.<br \/>\nDie Realit\u00e4t kann von der Abbildung abweichen.<br \/>\n100% nat\u00fcrlich und chemiefrei.<\/p>\n<p><strong>Wartungshinweis:<\/strong><\/p>\n<p>Mit Wasser und vorzugsweise organischem Waschmittel waschen.<br \/>\nGelegentlich mit Oliven\u00f6l einreiben.<\/p>","protected":false},"featured_media":6182,"template":"","meta":{"rs_blank_template":"","rs_page_bg_color":"","slide_template_v7":""},"product_brand":[75],"product_cat":[74],"product_tag":[136,76],"giftcard-category":[],"class_list":{"0":"post-6181","1":"product","2":"type-product","3":"status-publish","4":"has-post-thumbnail","6":"product_brand-old-special-trees","7":"product_cat-olijfhout-creaties","8":"product_tag-deegrol","9":"product_tag-olijfhout","10":"new","12":"first","13":"instock","14":"taxable","15":"shipping-taxable","16":"purchasable","17":"product-type-simple"},"_links":{"self":[{"href":"https:\/\/olijfboom-shop.be\/de\/wp-json\/wp\/v2\/product\/6181","targetHints":{"allow":["GET"]}}],"collection":[{"href":"https:\/\/olijfboom-shop.be\/de\/wp-json\/wp\/v2\/product"}],"about":[{"href":"https:\/\/olijfboom-shop.be\/de\/wp-json\/wp\/v2\/types\/product"}],"wp:featuredmedia":[{"embeddable":true,"href":"https:\/\/olijfboom-shop.be\/de\/wp-json\/wp\/v2\/media\/6182"}],"wp:attachment":[{"href":"https:\/\/olijfboom-shop.be\/de\/wp-json\/wp\/v2\/media?parent=6181"}],"wp:term":[{"taxonomy":"product_brand","embeddable":true,"href":"https:\/\/olijfboom-shop.be\/de\/wp-json\/wp\/v2\/product_brand?post=6181"},{"taxonomy":"product_cat","embeddable":true,"href":"https:\/\/olijfboom-shop.be\/de\/wp-json\/wp\/v2\/product_cat?post=6181"},{"taxonomy":"product_tag","embeddable":true,"href":"https:\/\/olijfboom-shop.be\/de\/wp-json\/wp\/v2\/product_tag?post=6181"},{"taxonomy":"giftcard-category","embeddable":true,"href":"https:\/\/olijfboom-shop.be\/de\/wp-json\/wp\/v2\/giftcard-category?post=6181"}],"curies":[{"name":"wp","href":"https:\/\/api.w.org\/{rel}","templated":true}]}}