{"id":6252,"date":"2025-04-28T08:44:21","date_gmt":"2025-04-28T06:44:21","guid":{"rendered":"https:\/\/olijfboom-shop.be\/?post_type=product&#038;p=6252"},"modified":"2025-10-28T23:25:20","modified_gmt":"2025-10-28T22:25:20","slug":"olijfhouten-keukengerei-cadeau-tip","status":"publish","type":"product","link":"https:\/\/olijfboom-shop.be\/de\/kaufen\/olijfhouten-keukengerei-cadeau-tip\/","title":{"rendered":"Olijfhouten keukengerei Cadeau tip"},"content":{"rendered":"<p class=\"\" data-start=\"104\" data-end=\"169\"><strong data-start=\"104\" data-end=\"169\">Olijfhouten keukengerei Cadeau tip \u2013 Handgemaakt &amp; Duurzaam\u00a0<\/strong><\/p>\n<p class=\"\" data-start=\"171\" data-end=\"593\">Bringen Sie ein bisschen mediterranen Charme in Ihre K\u00fcche mit diesem <strong data-start=\"229\" data-end=\"276\">unieke handgemaakte Olijfhouten keukengerei Cadeau tip <\/strong>. Dieses robuste und elegante K\u00fcchengeschirr ist nicht nur funktional, sondern auch ein sch\u00f6nes St\u00fcck Handwerkskunst. Jeder Olivewood-Artikel wird sorgf\u00e4ltig aus 100% gefertigt. <strong data-start=\"433\" data-end=\"457\">nat\u00fcrliches Olivenholz<\/strong>Dadurch gleicht kein St\u00fcck dem anderen. Die Realit\u00e4t kann daher von der Abbildung abweichen, was jedes St\u00fcck zu einem Unikat macht.<\/p>\n<p class=\"\" data-start=\"595\" data-end=\"649\"><strong data-start=\"595\" data-end=\"649\">Waarom kiezen voor de Olijfhouten keukengerei Cadeau tip?<\/strong><\/p>\n<ul data-start=\"650\" data-end=\"1089\">\n<li class=\"\" data-start=\"650\" data-end=\"763\">\n<p class=\"\" data-start=\"652\" data-end=\"763\"><strong data-start=\"652\" data-end=\"670\">Einzigartiges Kunsthandwerk<\/strong>: Elke Olijfhouten keukengerei Cadeau tip is met de hand gemaakt, wat het een exclusief stuk maakt voor jouw keuken.<\/p>\n<\/li>\n<li class=\"\" data-start=\"764\" data-end=\"907\">\n<p class=\"\" data-start=\"766\" data-end=\"907\"><strong data-start=\"766\" data-end=\"785\">100% nat\u00fcrlich<\/strong>: Hergestellt aus <strong data-start=\"799\" data-end=\"812\">Olivenholz<\/strong>ohne Zusatz von Chemikalien, ideal f\u00fcr alle, die eine umweltfreundliche L\u00f6sung suchen.<\/p>\n<\/li>\n<li class=\"\" data-start=\"908\" data-end=\"1089\">\n<p class=\"\" data-start=\"910\" data-end=\"1089\"><strong data-start=\"910\" data-end=\"931\">Stark und langlebig<\/strong>Olivenholz ist bekannt f\u00fcr seine robusten Eigenschaften und seine Langlebigkeit, so dass Sie jahrelang Freude an diesem praktischen und sch\u00f6nen K\u00fcchenzubeh\u00f6r haben werden.<\/p>\n<\/li>\n<\/ul>\n<p class=\"\" data-start=\"1091\" data-end=\"1403\"><strong data-start=\"1091\" data-end=\"1135\">Pflegetipp f\u00fcr Langlebigkeit:<\/strong> Um die Sch\u00f6nheit Ihres Olivewood-Artikels zu bewahren, empfehlen wir, ihn mit Wasser und einem biologischen Reinigungsmittel zu waschen. F\u00fcr zus\u00e4tzliche Pflege und Glanz k\u00f6nnen Sie es gelegentlich mit <strong data-start=\"1321\" data-end=\"1334\">Oliven\u00f6l<\/strong>Dies sch\u00fctzt das Holz und bewahrt sein nat\u00fcrliches Aussehen.<\/p>\n<p class=\"\" data-start=\"1405\" data-end=\"1454\"><strong data-start=\"1405\" data-end=\"1454\">Voordelen van de Olijfhouten keukengerei Cadeau tip :<\/strong><\/p>\n<ul data-start=\"1455\" data-end=\"1616\">\n<li class=\"\" data-start=\"1455\" data-end=\"1477\">\n<p class=\"\" data-start=\"1457\" data-end=\"1477\">Handgefertigt und einzigartig<\/p>\n<\/li>\n<li class=\"\" data-start=\"1478\" data-end=\"1505\">\n<p class=\"\" data-start=\"1480\" data-end=\"1505\">100% nat\u00fcrliches Olivenholz<\/p>\n<\/li>\n<li class=\"\" data-start=\"1506\" data-end=\"1528\">\n<p class=\"\" data-start=\"1508\" data-end=\"1528\">Frei von Chemikalien<\/p>\n<\/li>\n<li class=\"\" data-start=\"1529\" data-end=\"1548\">\n<p class=\"\" data-start=\"1531\" data-end=\"1548\">Langlebig und stark<\/p>\n<\/li>\n<li class=\"\" data-start=\"1549\" data-end=\"1616\">\n<p class=\"\" data-start=\"1551\" data-end=\"1616\">Ideal als stilvolles K\u00fcchenaccessoire<\/p>\n<\/li>\n<\/ul>\n<p class=\"\" data-start=\"1618\" data-end=\"1812\">Voeg de prachtige Olijfhouten keukengerei Cadeau tip toe aan je keukenaccessoires en geniet van de combinatie van <strong data-start=\"1727\" data-end=\"1746\">Funktionalit\u00e4t<\/strong> und <strong data-start=\"1750\" data-end=\"1776\">nat\u00fcrliche Sch\u00f6nheit<\/strong>.<\/p>","protected":false},"excerpt":{"rendered":"<p>Deze combi omvat:<br \/>\n1 lepel 30 cm 6.95\u20ac<br \/>\n1 Vork 30 cm 6.95\u20ac<br \/>\n1 Spoon\/lepel 30 cm 6.95\u20ac<br \/>\n1 Spatel 30 cm 5.95\u20ac<br \/>\n1 Tang 25 cm 14.95\u20ac<br \/>\n1 Lepelhouder 19.95\u20ac<br \/>\n&#8212;&#8212;&#8212;&#8212;&#8212;&#8212;&#8212;&#8212;&#8212;&#8212;&#8212;&#8212;-<br \/>\nGesamtpreis: 61,75 \u20ac.<br \/>\nCombi prijs: 50\u20ac<\/p>\n<p>Dies ist ein handgefertigtes Einzelst\u00fcck aus Olivenholz.<br \/>\nDie Realit\u00e4t kann von der Abbildung abweichen.<br \/>\n100% nat\u00fcrlich und chemiefrei.<\/p>\n<p><strong>Wartungshinweis:<\/strong><\/p>\n<p>Mit Wasser und vorzugsweise organischem Waschmittel waschen.<br \/>\nGelegentlich mit Oliven\u00f6l einreiben.<\/p>","protected":false},"featured_media":6255,"template":"","meta":{"rs_blank_template":"","rs_page_bg_color":"","slide_template_v7":""},"product_brand":[75],"product_cat":[74],"product_tag":[152,151,76,148,153,81],"giftcard-category":[],"class_list":{"0":"post-6252","1":"product","2":"type-product","3":"status-publish","4":"has-post-thumbnail","6":"product_brand-old-special-trees","7":"product_cat-olijfhout-creaties","8":"product_tag-kaas-plank","9":"product_tag-kaasplank","10":"product_tag-olijfhout","11":"product_tag-schaal","12":"product_tag-tapas","13":"product_tag-tapas-plank","14":"new","16":"first","17":"instock","18":"sale","19":"taxable","20":"shipping-taxable","21":"purchasable","22":"product-type-simple"},"_links":{"self":[{"href":"https:\/\/olijfboom-shop.be\/de\/wp-json\/wp\/v2\/product\/6252","targetHints":{"allow":["GET"]}}],"collection":[{"href":"https:\/\/olijfboom-shop.be\/de\/wp-json\/wp\/v2\/product"}],"about":[{"href":"https:\/\/olijfboom-shop.be\/de\/wp-json\/wp\/v2\/types\/product"}],"wp:featuredmedia":[{"embeddable":true,"href":"https:\/\/olijfboom-shop.be\/de\/wp-json\/wp\/v2\/media\/6255"}],"wp:attachment":[{"href":"https:\/\/olijfboom-shop.be\/de\/wp-json\/wp\/v2\/media?parent=6252"}],"wp:term":[{"taxonomy":"product_brand","embeddable":true,"href":"https:\/\/olijfboom-shop.be\/de\/wp-json\/wp\/v2\/product_brand?post=6252"},{"taxonomy":"product_cat","embeddable":true,"href":"https:\/\/olijfboom-shop.be\/de\/wp-json\/wp\/v2\/product_cat?post=6252"},{"taxonomy":"product_tag","embeddable":true,"href":"https:\/\/olijfboom-shop.be\/de\/wp-json\/wp\/v2\/product_tag?post=6252"},{"taxonomy":"giftcard-category","embeddable":true,"href":"https:\/\/olijfboom-shop.be\/de\/wp-json\/wp\/v2\/giftcard-category?post=6252"}],"curies":[{"name":"wp","href":"https:\/\/api.w.org\/{rel}","templated":true}]}}