{"id":6260,"date":"2025-04-28T08:57:32","date_gmt":"2025-04-28T06:57:32","guid":{"rendered":"https:\/\/olijfboom-shop.be\/?post_type=product&#038;p=6260"},"modified":"2026-04-04T15:40:08","modified_gmt":"2026-04-04T13:40:08","slug":"olivenbaum-adoption-102p","status":"publish","type":"product","link":"https:\/\/olijfboom-shop.be\/de\/kaufen\/olivenbaum-adoption-102p\/","title":{"rendered":"Olivenbaum-Adoption 102p"},"content":{"rendered":"<p><strong>Olivenbaum-Adoption 102p<\/strong><\/p>\n<p><strong>Adoptieren Sie jetzt einen einzigartigen Olivenbaum f\u00fcr 1 Jahr in Form eines Abonnements f\u00fcr natives Oliven\u00f6l extra.<\/strong><\/p>\n<p>Sie \u00fcbernehmen einen Olivenbaum aus dem traditionellen Olivenhain von Sabor el Olivar, und zwar in Form von 2 x 500 Litern erstklassigem nativem Oliven\u00f6l extra.<\/p>\n<p>Der Olivenhain befindet sich in Torrebesses de Lleida in Spanien.<\/p>\n<p>Der Olivenhain von Sabor el Olivar ist regengespeist, d. h. er ist von den Niederschl\u00e4gen abh\u00e4ngig, die wiederum f\u00fcr den Fruchtansatz und die weitere Entwicklung der Olive notwendig sind. Der Olivenhain ist au\u00dferdem frei von Pestiziden und chemischen und\/oder synthetischen D\u00fcngemitteln. Da der Olivenhain frei von Chemikalien ist, gibt es dort viel biologisch vielf\u00e4ltiges Leben, sowohl pflanzliche als auch n\u00fctzliche Tiere und Insekten. Dies macht die \u00dcbernahme des Olivenbaums 102p<strong>\u00a0<\/strong>eine ausgezeichnete Wahl.<\/p>\n<ul>\n<li>Ausschlie\u00dflich der Versandkosten.<\/li>\n<\/ul>","protected":false},"excerpt":{"rendered":"<h5><strong>Olivenbaum-Adoption 102p<\/strong><\/h5>\n<p><strong>Adoptieren Sie jetzt einen Unique Olivenbaum f\u00fcr 1 Jahr in Form eines Abonnements f\u00fcr natives Oliven\u00f6l extra.<\/strong><\/p>\n<p>In Form von 2 x 500 Litern hochwertigem nativem Oliven\u00f6l extra.<\/p>\n<ul>\n<li>Ausschlie\u00dflich der Versandkosten<\/li>\n<\/ul>","protected":false},"featured_media":5898,"template":"","meta":{"rs_blank_template":"","rs_page_bg_color":"","slide_template_v7":""},"product_brand":[75],"product_cat":[83],"product_tag":[84],"giftcard-category":[],"class_list":{"0":"post-6260","1":"product","2":"type-product","3":"status-publish","4":"has-post-thumbnail","6":"product_brand-old-special-trees","7":"product_cat-olijfboom-adoptie","8":"product_tag-olijfbomen","10":"first","11":"instock","12":"virtual","13":"taxable","14":"purchasable","15":"product-type-simple"},"_links":{"self":[{"href":"https:\/\/olijfboom-shop.be\/de\/wp-json\/wp\/v2\/product\/6260","targetHints":{"allow":["GET"]}}],"collection":[{"href":"https:\/\/olijfboom-shop.be\/de\/wp-json\/wp\/v2\/product"}],"about":[{"href":"https:\/\/olijfboom-shop.be\/de\/wp-json\/wp\/v2\/types\/product"}],"wp:featuredmedia":[{"embeddable":true,"href":"https:\/\/olijfboom-shop.be\/de\/wp-json\/wp\/v2\/media\/5898"}],"wp:attachment":[{"href":"https:\/\/olijfboom-shop.be\/de\/wp-json\/wp\/v2\/media?parent=6260"}],"wp:term":[{"taxonomy":"product_brand","embeddable":true,"href":"https:\/\/olijfboom-shop.be\/de\/wp-json\/wp\/v2\/product_brand?post=6260"},{"taxonomy":"product_cat","embeddable":true,"href":"https:\/\/olijfboom-shop.be\/de\/wp-json\/wp\/v2\/product_cat?post=6260"},{"taxonomy":"product_tag","embeddable":true,"href":"https:\/\/olijfboom-shop.be\/de\/wp-json\/wp\/v2\/product_tag?post=6260"},{"taxonomy":"giftcard-category","embeddable":true,"href":"https:\/\/olijfboom-shop.be\/de\/wp-json\/wp\/v2\/giftcard-category?post=6260"}],"curies":[{"name":"wp","href":"https:\/\/api.w.org\/{rel}","templated":true}]}}