{"id":6291,"date":"2025-04-28T12:30:07","date_gmt":"2025-04-28T10:30:07","guid":{"rendered":"https:\/\/olijfboom-shop.be\/?post_type=product&#038;p=6291"},"modified":"2026-04-04T15:40:05","modified_gmt":"2026-04-04T13:40:05","slug":"olivenbaum-adoption-108p","status":"publish","type":"product","link":"https:\/\/olijfboom-shop.be\/de\/kaufen\/olivenbaum-adoption-108p\/","title":{"rendered":"Olivenbaum-Adoption 108p"},"content":{"rendered":"<p>Olivenbaum-Adoption 108p<\/p>\n<p><strong>Adoptieren Sie jetzt einen einzigartigen Olivenbaum f\u00fcr 1 Jahr in Form eines Abonnements f\u00fcr natives Oliven\u00f6l extra.<\/strong><\/p>\n<p>Sie \u00fcbernehmen einen Olivenbaum aus dem traditionellen Olivenhain von Sabor el Olivar, und zwar in Form von 2 x 500 Litern erstklassigem nativem Oliven\u00f6l extra.<\/p>\n<p>Der Olivenhain befindet sich in Torrebesses de Lleida in Spanien.<\/p>\n<p>De olijfgaard van Sabor el Olivar is regen gevoed, d.w.z. dat hij afhankelijk is van de regenval die op zijn beurt noodzakelijk is voor de vruchtzetting en de verdere ontwikkeling van de olijf. De olijfgaard is eveneens vrij van pesticiden en chemische en\/of synthetische meststoffen. Doordat de olijfgaard vrij is van chemische stoffen is er zeer veel bio divers leven aanwezig, zowel beplanting als nuttige diertjes en insecten. Hierdoor is Olijfboom adoptie 108p <strong>\u00a0<\/strong>eine ausgezeichnete Wahl.<\/p>\n<ul>\n<li>Ausschlie\u00dflich der Versandkosten.<\/li>\n<\/ul>","protected":false},"excerpt":{"rendered":"<h5>Olivenbaum-Adoption 108p<\/h5>\n<p><strong>Adoptieren Sie jetzt einen Unique Olivenbaum f\u00fcr 1 Jahr in Form eines Abonnements f\u00fcr natives Oliven\u00f6l extra.<\/strong><\/p>\n<p>In Form von 2 x 500 Litern hochwertigem nativem Oliven\u00f6l extra.<\/p>\n<ul>\n<li>Ausschlie\u00dflich der Versandkosten<\/li>\n<\/ul>","protected":false},"featured_media":5904,"template":"","meta":{"rs_blank_template":"","rs_page_bg_color":"","slide_template_v7":""},"product_brand":[75],"product_cat":[83],"product_tag":[162,84,163],"giftcard-category":[],"class_list":{"0":"post-6291","1":"product","2":"type-product","3":"status-publish","4":"has-post-thumbnail","6":"product_brand-old-special-trees","7":"product_cat-olijfboom-adoptie","8":"product_tag-adoptie","9":"product_tag-olijfbomen","10":"product_tag-olijfboom-adoptie","12":"first","13":"outofstock","14":"virtual","15":"taxable","16":"product-type-simple"},"_links":{"self":[{"href":"https:\/\/olijfboom-shop.be\/de\/wp-json\/wp\/v2\/product\/6291","targetHints":{"allow":["GET"]}}],"collection":[{"href":"https:\/\/olijfboom-shop.be\/de\/wp-json\/wp\/v2\/product"}],"about":[{"href":"https:\/\/olijfboom-shop.be\/de\/wp-json\/wp\/v2\/types\/product"}],"wp:featuredmedia":[{"embeddable":true,"href":"https:\/\/olijfboom-shop.be\/de\/wp-json\/wp\/v2\/media\/5904"}],"wp:attachment":[{"href":"https:\/\/olijfboom-shop.be\/de\/wp-json\/wp\/v2\/media?parent=6291"}],"wp:term":[{"taxonomy":"product_brand","embeddable":true,"href":"https:\/\/olijfboom-shop.be\/de\/wp-json\/wp\/v2\/product_brand?post=6291"},{"taxonomy":"product_cat","embeddable":true,"href":"https:\/\/olijfboom-shop.be\/de\/wp-json\/wp\/v2\/product_cat?post=6291"},{"taxonomy":"product_tag","embeddable":true,"href":"https:\/\/olijfboom-shop.be\/de\/wp-json\/wp\/v2\/product_tag?post=6291"},{"taxonomy":"giftcard-category","embeddable":true,"href":"https:\/\/olijfboom-shop.be\/de\/wp-json\/wp\/v2\/giftcard-category?post=6291"}],"curies":[{"name":"wp","href":"https:\/\/api.w.org\/{rel}","templated":true}]}}