{"id":6096,"date":"2025-04-25T15:18:34","date_gmt":"2025-04-25T13:18:34","guid":{"rendered":"https:\/\/olijfboom-shop.be\/?post_type=product&#038;p=6096"},"modified":"2025-08-18T16:16:55","modified_gmt":"2025-08-18T14:16:55","slug":"olijfhouten-sla-handen","status":"publish","type":"product","link":"https:\/\/olijfboom-shop.be\/fr\/acheter\/olijfhouten-sla-handen\/","title":{"rendered":"Mains de laitue en bois d'olivier"},"content":{"rendered":"<p><strong>Olijfhouten Sla handen\u00a0\u2013 Handgemaakt &amp; Duurzaam\u00a0<\/strong><\/p>\n<p>Apportez un peu de charme m\u00e9diterran\u00e9en dans votre cuisine avec cette <strong>unieke handgemaakte olijfhouten sla handen<\/strong>. Dit robuuste en elegante keukengerei is niet alleen functioneel, maar ook een prachtig stuk vakmanschap. Elke rustieke sla hand is met zorg vervaardigd uit 100% <strong>bois d'olivier naturel<\/strong>La r\u00e9alit\u00e9 peut donc diff\u00e9rer de l'image, ce qui fait de chaque pi\u00e8ce un objet unique. La r\u00e9alit\u00e9 peut donc diff\u00e9rer de l'image, ce qui fait de chaque pi\u00e8ce un objet unique.<\/p>\n<p><strong>Waarom kiezen voor de Olijfbomen Sla handen?<\/strong><\/p>\n<ul>\n<li><strong>Un artisanat unique<\/strong>: Elke sla hand is met de hand gemaakt, wat het een exclusief stuk maakt voor jouw keuken.<\/li>\n<li><strong>100% bien s\u00fbr<\/strong>: Fabriqu\u00e9 \u00e0 partir de <strong data-start=\"799\" data-end=\"812\">bois d'olivier<\/strong>sans produits chimiques ajout\u00e9s, id\u00e9al pour ceux qui recherchent un choix respectueux de l'environnement.<\/li>\n<li><strong>Solide et durable<\/strong>Le bois d'olivier est connu pour ses propri\u00e9t\u00e9s robustes et sa long\u00e9vit\u00e9, ce qui vous permettra de profiter de cet accessoire de cuisine pratique et esth\u00e9tique pendant de nombreuses ann\u00e9es.<\/li>\n<\/ul>\n<p><strong>Conseil d'entretien pour une meilleure long\u00e9vit\u00e9 :<\/strong> Om de schoonheid van je sla handen te behouden, raden we aan het af te wassen met water en een biologisch afwasmiddel. Voor extra verzorging en glans kun je het af en toe insmeren met <strong>huile d'olive<\/strong>qui prot\u00e8ge le bois et pr\u00e9serve son aspect naturel.<\/p>\n<p><strong>Voordelen van de Olijfbomen Hout sla handen:<\/strong><\/p>\n<ul>\n<li>Faits \u00e0 la main et uniques<\/li>\n<li>100% bois d'olivier naturel<\/li>\n<li>Sans produits chimiques<\/li>\n<li>Durable et solide<\/li>\n<li>Id\u00e9al pour broyer les noix et comme accessoire de cuisine \u00e9l\u00e9gant<\/li>\n<\/ul>\n<p>Ajoutez ce magnifique <strong>olijfhouten sla handen<\/strong>\u00a0Ajoutez \u00e0 vos accessoires de cuisine et profitez de la combinaison de <strong>Fonctionnalit\u00e9<\/strong> et <strong>beaut\u00e9 naturelle<\/strong>.<\/p>","protected":false},"excerpt":{"rendered":"<p>Il s'agit d'une pi\u00e8ce unique fabriqu\u00e9e \u00e0 la main en bois d'olivier.<br \/>\nLa r\u00e9alit\u00e9 peut diff\u00e9rer de l'image.<br \/>\n100% naturel et sans produits chimiques.<\/p>\n<p><strong>Conseil d'entretien :<\/strong><\/p>\n<p>Laver avec de l'eau et un d\u00e9tergent de pr\u00e9f\u00e9rence organique.<br \/>\nFrotter de temps en temps avec de l'huile d'olive.<\/p>","protected":false},"featured_media":6098,"template":"","meta":{"rs_blank_template":"","rs_page_bg_color":"","slide_template_v7":""},"product_brand":[75],"product_cat":[74],"product_tag":[76,101,102],"giftcard-category":[],"class_list":{"0":"post-6096","1":"product","2":"type-product","3":"status-publish","4":"has-post-thumbnail","6":"product_brand-old-special-trees","7":"product_cat-olijfhout-creaties","8":"product_tag-olijfhout","9":"product_tag-sla-hand","10":"product_tag-sla-handen","11":"new","13":"first","14":"instock","15":"taxable","16":"shipping-taxable","17":"purchasable","18":"product-type-simple"},"_links":{"self":[{"href":"https:\/\/olijfboom-shop.be\/fr\/wp-json\/wp\/v2\/product\/6096","targetHints":{"allow":["GET"]}}],"collection":[{"href":"https:\/\/olijfboom-shop.be\/fr\/wp-json\/wp\/v2\/product"}],"about":[{"href":"https:\/\/olijfboom-shop.be\/fr\/wp-json\/wp\/v2\/types\/product"}],"wp:featuredmedia":[{"embeddable":true,"href":"https:\/\/olijfboom-shop.be\/fr\/wp-json\/wp\/v2\/media\/6098"}],"wp:attachment":[{"href":"https:\/\/olijfboom-shop.be\/fr\/wp-json\/wp\/v2\/media?parent=6096"}],"wp:term":[{"taxonomy":"product_brand","embeddable":true,"href":"https:\/\/olijfboom-shop.be\/fr\/wp-json\/wp\/v2\/product_brand?post=6096"},{"taxonomy":"product_cat","embeddable":true,"href":"https:\/\/olijfboom-shop.be\/fr\/wp-json\/wp\/v2\/product_cat?post=6096"},{"taxonomy":"product_tag","embeddable":true,"href":"https:\/\/olijfboom-shop.be\/fr\/wp-json\/wp\/v2\/product_tag?post=6096"},{"taxonomy":"giftcard-category","embeddable":true,"href":"https:\/\/olijfboom-shop.be\/fr\/wp-json\/wp\/v2\/giftcard-category?post=6096"}],"curies":[{"name":"wp","href":"https:\/\/api.w.org\/{rel}","templated":true}]}}