{"id":6181,"date":"2025-04-26T22:43:56","date_gmt":"2025-04-26T20:43:56","guid":{"rendered":"https:\/\/olijfboom-shop.be\/?post_type=product&#038;p=6181"},"modified":"2025-05-17T15:40:43","modified_gmt":"2025-05-17T13:40:43","slug":"rouleau-a-patisserie-en-bois-dolivier","status":"publish","type":"product","link":"https:\/\/olijfboom-shop.be\/fr\/acheter\/rouleau-a-patisserie-en-bois-dolivier\/","title":{"rendered":"Rouleau \u00e0 p\u00e2tisserie en bois d'olivier"},"content":{"rendered":"<p>Rouleau \u00e0 p\u00e2tisserie en bois d'olivier - Fait \u00e0 la main et durable<\/p>\n<p>Apportez un peu de charme m\u00e9diterran\u00e9en dans votre cuisine avec cette <strong>rouleau \u00e0 p\u00e2tisserie unique en bois d'olivier fait \u00e0 la main<\/strong>. Ces ustensiles de cuisine robustes et \u00e9l\u00e9gants ne sont pas seulement fonctionnels, ils sont aussi de belles pi\u00e8ces d'artisanat. Chaque article Olivewood est soigneusement fabriqu\u00e9 \u00e0 partir de 100% <strong>bois d'olivier naturel<\/strong>La r\u00e9alit\u00e9 peut donc diff\u00e9rer de l'image, ce qui fait de chaque pi\u00e8ce un objet unique. La r\u00e9alit\u00e9 peut donc diff\u00e9rer de l'image, ce qui fait de chaque pi\u00e8ce un objet unique.<\/p>\n<p><strong>Pourquoi choisir le rouleau \u00e0 p\u00e2tisserie en bois d'olivier ?<\/strong><\/p>\n<ul>\n<li><strong>Un artisanat unique<\/strong>Les pinces en bois d'olivier sont fabriqu\u00e9es \u00e0 la main, ce qui en fait des pi\u00e8ces exclusives pour votre cuisine.<\/li>\n<li><strong>100% bien s\u00fbr<\/strong>: Fabriqu\u00e9 \u00e0 partir de <strong>bois d'olivier<\/strong>sans produits chimiques ajout\u00e9s, id\u00e9al pour ceux qui recherchent un choix respectueux de l'environnement.<\/li>\n<li><strong data-start=\"910\" data-end=\"931\">Solide et durable<\/strong>Le bois d'olivier est connu pour ses propri\u00e9t\u00e9s robustes et sa long\u00e9vit\u00e9, ce qui vous permettra de profiter de cet accessoire de cuisine pratique et esth\u00e9tique pendant de nombreuses ann\u00e9es.<\/li>\n<\/ul>\n<p>Conseil d'entretien pour une plus grande long\u00e9vit\u00e9 : Pour pr\u00e9server la beaut\u00e9 de votre article en bois d'olivier, nous vous recommandons de le laver avec de l'eau et un d\u00e9tergent biologique. Pour plus d'entretien et de brillance, vous pouvez le frotter de temps en temps avec de l'eau. <strong>huile d'olive<\/strong>qui prot\u00e8ge le bois et pr\u00e9serve son aspect naturel.<\/p>\n<p><strong data-start=\"1405\" data-end=\"1454\">Avantages du rouleau \u00e0 p\u00e2tisserie en bois d'olivier :<\/strong><\/p>\n<ul>\n<li>Faits \u00e0 la main et uniques<\/li>\n<li>100% bois d'olivier naturel<\/li>\n<li>Sans produits chimiques<\/li>\n<li>Durable et solide<\/li>\n<li>Id\u00e9al pour broyer les noix et comme accessoire de cuisine \u00e9l\u00e9gant<\/li>\n<\/ul>\n<p>Ajoutez le magnifique rouleau \u00e0 p\u00e2tisserie en bois d'olivier \u00e0 vos accessoires de cuisine et profitez de la combinaison des \u00e9l\u00e9ments suivants <strong>Fonctionnalit\u00e9<\/strong> et <strong>beaut\u00e9 naturelle<\/strong>.<\/p>","protected":false},"excerpt":{"rendered":"<p>Il s'agit d'une pi\u00e8ce unique fabriqu\u00e9e \u00e0 la main en bois d'olivier.<br \/>\nLa r\u00e9alit\u00e9 peut diff\u00e9rer de l'image.<br \/>\n100% naturel et sans produits chimiques.<\/p>\n<p><strong>Conseil d'entretien :<\/strong><\/p>\n<p>Laver avec de l'eau et un d\u00e9tergent de pr\u00e9f\u00e9rence organique.<br \/>\nFrotter de temps en temps avec de l'huile d'olive.<\/p>","protected":false},"featured_media":6182,"template":"","meta":{"rs_blank_template":"","rs_page_bg_color":"","slide_template_v7":""},"product_brand":[75],"product_cat":[74],"product_tag":[136,76],"giftcard-category":[],"class_list":{"0":"post-6181","1":"product","2":"type-product","3":"status-publish","4":"has-post-thumbnail","6":"product_brand-old-special-trees","7":"product_cat-olijfhout-creaties","8":"product_tag-deegrol","9":"product_tag-olijfhout","10":"new","12":"first","13":"instock","14":"taxable","15":"shipping-taxable","16":"purchasable","17":"product-type-simple"},"_links":{"self":[{"href":"https:\/\/olijfboom-shop.be\/fr\/wp-json\/wp\/v2\/product\/6181","targetHints":{"allow":["GET"]}}],"collection":[{"href":"https:\/\/olijfboom-shop.be\/fr\/wp-json\/wp\/v2\/product"}],"about":[{"href":"https:\/\/olijfboom-shop.be\/fr\/wp-json\/wp\/v2\/types\/product"}],"wp:featuredmedia":[{"embeddable":true,"href":"https:\/\/olijfboom-shop.be\/fr\/wp-json\/wp\/v2\/media\/6182"}],"wp:attachment":[{"href":"https:\/\/olijfboom-shop.be\/fr\/wp-json\/wp\/v2\/media?parent=6181"}],"wp:term":[{"taxonomy":"product_brand","embeddable":true,"href":"https:\/\/olijfboom-shop.be\/fr\/wp-json\/wp\/v2\/product_brand?post=6181"},{"taxonomy":"product_cat","embeddable":true,"href":"https:\/\/olijfboom-shop.be\/fr\/wp-json\/wp\/v2\/product_cat?post=6181"},{"taxonomy":"product_tag","embeddable":true,"href":"https:\/\/olijfboom-shop.be\/fr\/wp-json\/wp\/v2\/product_tag?post=6181"},{"taxonomy":"giftcard-category","embeddable":true,"href":"https:\/\/olijfboom-shop.be\/fr\/wp-json\/wp\/v2\/giftcard-category?post=6181"}],"curies":[{"name":"wp","href":"https:\/\/api.w.org\/{rel}","templated":true}]}}