{"id":6239,"date":"2025-04-28T08:11:34","date_gmt":"2025-04-28T06:11:34","guid":{"rendered":"https:\/\/olijfboom-shop.be\/?post_type=product&#038;p=6239"},"modified":"2025-05-17T15:29:51","modified_gmt":"2025-05-17T13:29:51","slug":"olijfhouten-tapas-plank-5","status":"publish","type":"product","link":"https:\/\/olijfboom-shop.be\/fr\/acheter\/olijfhouten-tapas-plank-5\/","title":{"rendered":"Planche \u00e0 tapas en bois d'olivier"},"content":{"rendered":"<p class=\"\" data-start=\"104\" data-end=\"169\"><strong data-start=\"104\" data-end=\"169\">Planche \u00e0 tapas en bois d'olivier - Fait \u00e0 la main et durable\u00a0<\/strong><\/p>\n<p class=\"\" data-start=\"171\" data-end=\"593\">Apportez un peu de charme m\u00e9diterran\u00e9en dans votre cuisine avec cette <strong data-start=\"229\" data-end=\"276\">planche \u00e0 tapas unique en bois d'olivier faite \u00e0 la main <\/strong>. Ces ustensiles de cuisine robustes et \u00e9l\u00e9gants ne sont pas seulement fonctionnels, ils sont aussi de belles pi\u00e8ces d'artisanat. Chaque article Olivewood est soigneusement fabriqu\u00e9 \u00e0 partir de 100% <strong data-start=\"433\" data-end=\"457\">bois d'olivier naturel<\/strong>La r\u00e9alit\u00e9 peut donc diff\u00e9rer de l'image, ce qui fait de chaque pi\u00e8ce un objet unique. La r\u00e9alit\u00e9 peut donc diff\u00e9rer de l'image, ce qui fait de chaque pi\u00e8ce un objet unique.<\/p>\n<p class=\"\" data-start=\"595\" data-end=\"649\"><strong data-start=\"595\" data-end=\"649\">Pourquoi choisir la planche \u00e0 tapas Olivewood ?<\/strong><\/p>\n<ul data-start=\"650\" data-end=\"1089\">\n<li class=\"\" data-start=\"650\" data-end=\"763\">\n<p class=\"\" data-start=\"652\" data-end=\"763\"><strong data-start=\"652\" data-end=\"670\">Un artisanat unique<\/strong>Les planches \u00e0 tapas en bois d'olivier avec compartiments sont fabriqu\u00e9es \u00e0 la main, ce qui en fait une pi\u00e8ce exclusive pour votre cuisine.<\/p>\n<\/li>\n<li class=\"\" data-start=\"764\" data-end=\"907\">\n<p class=\"\" data-start=\"766\" data-end=\"907\"><strong data-start=\"766\" data-end=\"785\">100% bien s\u00fbr<\/strong>: Fabriqu\u00e9 \u00e0 partir de <strong data-start=\"799\" data-end=\"812\">bois d'olivier<\/strong>sans produits chimiques ajout\u00e9s, id\u00e9al pour ceux qui recherchent un choix respectueux de l'environnement.<\/p>\n<\/li>\n<li class=\"\" data-start=\"908\" data-end=\"1089\">\n<p class=\"\" data-start=\"910\" data-end=\"1089\"><strong data-start=\"910\" data-end=\"931\">Solide et durable<\/strong>Le bois d'olivier est connu pour ses propri\u00e9t\u00e9s robustes et sa long\u00e9vit\u00e9, ce qui vous permettra de profiter de cet accessoire de cuisine pratique et esth\u00e9tique pendant de nombreuses ann\u00e9es.<\/p>\n<\/li>\n<\/ul>\n<p class=\"\" data-start=\"1091\" data-end=\"1403\"><strong data-start=\"1091\" data-end=\"1135\">Conseil d'entretien pour une meilleure long\u00e9vit\u00e9 :<\/strong> Pour pr\u00e9server la beaut\u00e9 de votre article en bois d'olivier, nous vous recommandons de le laver avec de l'eau et un d\u00e9tergent biologique. Pour plus d'entretien et de brillance, vous pouvez le frotter de temps en temps avec de l'eau. <strong data-start=\"1321\" data-end=\"1334\">huile d'olive<\/strong>qui prot\u00e8ge le bois et pr\u00e9serve son aspect naturel.<\/p>\n<p class=\"\" data-start=\"1405\" data-end=\"1454\"><strong data-start=\"1405\" data-end=\"1454\">Avantages de la planche \u00e0 tapas en bois d'olivier :<\/strong><\/p>\n<ul data-start=\"1455\" data-end=\"1616\">\n<li class=\"\" data-start=\"1455\" data-end=\"1477\">\n<p class=\"\" data-start=\"1457\" data-end=\"1477\">Faits \u00e0 la main et uniques<\/p>\n<\/li>\n<li class=\"\" data-start=\"1478\" data-end=\"1505\">\n<p class=\"\" data-start=\"1480\" data-end=\"1505\">100% bois d'olivier naturel<\/p>\n<\/li>\n<li class=\"\" data-start=\"1506\" data-end=\"1528\">\n<p class=\"\" data-start=\"1508\" data-end=\"1528\">Sans produits chimiques<\/p>\n<\/li>\n<li class=\"\" data-start=\"1529\" data-end=\"1548\">\n<p class=\"\" data-start=\"1531\" data-end=\"1548\">Durable et solide<\/p>\n<\/li>\n<li class=\"\" data-start=\"1549\" data-end=\"1616\">\n<p class=\"\" data-start=\"1551\" data-end=\"1616\">Id\u00e9al comme accessoire de cuisine \u00e9l\u00e9gant<\/p>\n<\/li>\n<\/ul>\n<p class=\"\" data-start=\"1618\" data-end=\"1812\">Ajoutez la magnifique planche \u00e0 tapas en bois d'olivier \u00e0 vos accessoires de cuisine et profitez de la combinaison des \u00e9l\u00e9ments suivants <strong data-start=\"1727\" data-end=\"1746\">Fonctionnalit\u00e9<\/strong> et <strong data-start=\"1750\" data-end=\"1776\">beaut\u00e9 naturelle<\/strong>.<\/p>","protected":false},"excerpt":{"rendered":"<p><strong>Tapas plank ca 30&#215;20 cm<\/strong><\/p>\n<p>Il s'agit d'une pi\u00e8ce unique fabriqu\u00e9e \u00e0 la main en bois d'olivier.<br \/>\nLa r\u00e9alit\u00e9 peut diff\u00e9rer de l'image.<br \/>\n100% naturel et sans produits chimiques.<\/p>\n<p><strong>Conseil d'entretien :<\/strong><\/p>\n<p>Laver avec de l'eau et un d\u00e9tergent de pr\u00e9f\u00e9rence organique.<br \/>\nFrotter de temps en temps avec de l'huile d'olive.<\/p>","protected":false},"featured_media":6240,"template":"","meta":{"rs_blank_template":"","rs_page_bg_color":"","slide_template_v7":""},"product_brand":[75],"product_cat":[74],"product_tag":[152,151,76,148,153,81],"giftcard-category":[],"class_list":{"0":"post-6239","1":"product","2":"type-product","3":"status-publish","4":"has-post-thumbnail","6":"product_brand-old-special-trees","7":"product_cat-olijfhout-creaties","8":"product_tag-kaas-plank","9":"product_tag-kaasplank","10":"product_tag-olijfhout","11":"product_tag-schaal","12":"product_tag-tapas","13":"product_tag-tapas-plank","14":"new","16":"first","17":"instock","18":"taxable","19":"shipping-taxable","20":"purchasable","21":"product-type-simple"},"_links":{"self":[{"href":"https:\/\/olijfboom-shop.be\/fr\/wp-json\/wp\/v2\/product\/6239","targetHints":{"allow":["GET"]}}],"collection":[{"href":"https:\/\/olijfboom-shop.be\/fr\/wp-json\/wp\/v2\/product"}],"about":[{"href":"https:\/\/olijfboom-shop.be\/fr\/wp-json\/wp\/v2\/types\/product"}],"wp:featuredmedia":[{"embeddable":true,"href":"https:\/\/olijfboom-shop.be\/fr\/wp-json\/wp\/v2\/media\/6240"}],"wp:attachment":[{"href":"https:\/\/olijfboom-shop.be\/fr\/wp-json\/wp\/v2\/media?parent=6239"}],"wp:term":[{"taxonomy":"product_brand","embeddable":true,"href":"https:\/\/olijfboom-shop.be\/fr\/wp-json\/wp\/v2\/product_brand?post=6239"},{"taxonomy":"product_cat","embeddable":true,"href":"https:\/\/olijfboom-shop.be\/fr\/wp-json\/wp\/v2\/product_cat?post=6239"},{"taxonomy":"product_tag","embeddable":true,"href":"https:\/\/olijfboom-shop.be\/fr\/wp-json\/wp\/v2\/product_tag?post=6239"},{"taxonomy":"giftcard-category","embeddable":true,"href":"https:\/\/olijfboom-shop.be\/fr\/wp-json\/wp\/v2\/giftcard-category?post=6239"}],"curies":[{"name":"wp","href":"https:\/\/api.w.org\/{rel}","templated":true}]}}