{"id":6345,"date":"2025-04-29T06:37:03","date_gmt":"2025-04-29T04:37:03","guid":{"rendered":"https:\/\/olijfboom-shop.be\/?post_type=product&#038;p=6345"},"modified":"2026-04-04T15:39:58","modified_gmt":"2026-04-04T13:39:58","slug":"olivier-adoption-124p","status":"publish","type":"product","link":"https:\/\/olijfboom-shop.be\/fr\/acheter\/olivier-adoption-124p\/","title":{"rendered":"Adoption de l'olivier 124p"},"content":{"rendered":"<p><strong>Adoption de l'olivier 124p<\/strong><\/p>\n<p><strong>Adoptez maintenant un olivier unique pour 1 an sous la forme d'un abonnement \u00e0 l'huile d'olive extra vierge.<\/strong><\/p>\n<p>Vous adoptez un olivier de l'oliveraie traditionnelle de Sabor el Olivar, sous la forme de 2 x 500 lm d'huile d'olive extra vierge de premi\u00e8re qualit\u00e9.<\/p>\n<p>L'oliveraie est situ\u00e9e \u00e0 Torrebesses de Lleida en Espagne.<\/p>\n<p>L'oliveraie de Sabor el Olivar est aliment\u00e9e par la pluie, c'est-\u00e0-dire qu'elle d\u00e9pend des pr\u00e9cipitations, lesquelles sont n\u00e9cessaires \u00e0 la nouaison et au d\u00e9veloppement de l'olive. L'oliveraie est \u00e9galement exempte de pesticides et d'engrais chimiques et\/ou synth\u00e9tiques. Comme l'oliveraie est exempte de produits chimiques, on y trouve beaucoup de vie bio-diversifi\u00e9e, tant des plantes que des animaux et des insectes b\u00e9n\u00e9fiques. C'est pourquoi, <strong>Adoption de l'olivier 124p<\/strong> <strong>\u00a0<\/strong>un excellent choix.<\/p>\n<ul>\n<li>Hors frais d'exp\u00e9dition \u00e9ventuels.<\/li>\n<\/ul>","protected":false},"excerpt":{"rendered":"<h5>Adoption de l'olivier 124p<\/h5>\n<p><strong>Adoptez maintenant un olivier Unique pour 1 an sous la forme d'un abonnement \u00e0 l'huile d'olive extra vierge.<\/strong><\/p>\n<p>Sous la forme de 2 x 500 lm d'huile d'olive extra vierge de premi\u00e8re qualit\u00e9.<\/p>\n<ul>\n<li>Hors frais d'exp\u00e9dition \u00e9ventuels<\/li>\n<\/ul>","protected":false},"featured_media":5917,"template":"","meta":{"rs_blank_template":"","rs_page_bg_color":"","slide_template_v7":""},"product_brand":[75],"product_cat":[83],"product_tag":[162,84,163],"giftcard-category":[],"class_list":{"0":"post-6345","1":"product","2":"type-product","3":"status-publish","4":"has-post-thumbnail","6":"product_brand-old-special-trees","7":"product_cat-olijfboom-adoptie","8":"product_tag-adoptie","9":"product_tag-olijfbomen","10":"product_tag-olijfboom-adoptie","12":"first","13":"instock","14":"virtual","15":"taxable","16":"purchasable","17":"product-type-simple"},"_links":{"self":[{"href":"https:\/\/olijfboom-shop.be\/fr\/wp-json\/wp\/v2\/product\/6345","targetHints":{"allow":["GET"]}}],"collection":[{"href":"https:\/\/olijfboom-shop.be\/fr\/wp-json\/wp\/v2\/product"}],"about":[{"href":"https:\/\/olijfboom-shop.be\/fr\/wp-json\/wp\/v2\/types\/product"}],"wp:featuredmedia":[{"embeddable":true,"href":"https:\/\/olijfboom-shop.be\/fr\/wp-json\/wp\/v2\/media\/5917"}],"wp:attachment":[{"href":"https:\/\/olijfboom-shop.be\/fr\/wp-json\/wp\/v2\/media?parent=6345"}],"wp:term":[{"taxonomy":"product_brand","embeddable":true,"href":"https:\/\/olijfboom-shop.be\/fr\/wp-json\/wp\/v2\/product_brand?post=6345"},{"taxonomy":"product_cat","embeddable":true,"href":"https:\/\/olijfboom-shop.be\/fr\/wp-json\/wp\/v2\/product_cat?post=6345"},{"taxonomy":"product_tag","embeddable":true,"href":"https:\/\/olijfboom-shop.be\/fr\/wp-json\/wp\/v2\/product_tag?post=6345"},{"taxonomy":"giftcard-category","embeddable":true,"href":"https:\/\/olijfboom-shop.be\/fr\/wp-json\/wp\/v2\/giftcard-category?post=6345"}],"curies":[{"name":"wp","href":"https:\/\/api.w.org\/{rel}","templated":true}]}}