{"id":8015,"date":"2025-05-17T13:04:14","date_gmt":"2025-05-17T11:04:14","guid":{"rendered":"https:\/\/olijfboom-shop.be\/?post_type=product&#038;p=8015"},"modified":"2026-04-04T15:33:30","modified_gmt":"2026-04-04T13:33:30","slug":"jardiniere-en-acier-corten-80x80x60-cm-sans-base-do-it-yourself","status":"publish","type":"product","link":"https:\/\/olijfboom-shop.be\/fr\/acheter\/jardiniere-en-acier-corten-80x80x60-cm-sans-base-do-it-yourself\/","title":{"rendered":"Cortenstaal Plantenbak 80x80x60 cm zonder bodem (doe het zelf)"},"content":{"rendered":"<h2>Cortenstaal Plantenbak 80x80x60 cm zonder bodem (doe het zelf)<\/h2>\n<p>Vous cherchez un moyen de donner \u00e0 votre jardin ou \u00e0 votre terrasse un aspect unique et moderne ? Alors ce kit de bricolage est fait pour vous, <strong>Cortenstaal plantenbak zonder bodem van 80x80x60 cm<\/strong> exactement ce dont vous avez besoin. Ce bac robuste allie durabilit\u00e9 et design intemporel, ce qui en fait un choix parfait pour les jardins priv\u00e9s et les espaces ext\u00e9rieurs des entreprises.<\/p>\n<h3>Qu'est-ce que l'acier Corten ?<\/h3>\n<p>L'acier Corten, \u00e9galement connu sous le nom d'acier r\u00e9sistant aux intemp\u00e9ries, est un alliage connu pour sa capacit\u00e9 particuli\u00e8re \u00e0 former une couche de rouille qui non seulement donne au bac \u00e0 plantes un bel aspect rouill\u00e9, mais le prot\u00e8ge \u00e9galement contre toute corrosion ult\u00e9rieure. Cette couche de rouille solide et naturelle se forme lorsque l'acier est expos\u00e9 \u00e0 l'air ext\u00e9rieur. Cela permet \u00e0 l'acier <strong>Planteuse en acier corten<\/strong> non seulement agr\u00e9able \u00e0 l'\u0153il, mais aussi un choix durable pour votre espace ext\u00e9rieur.<\/p>\n<h3>Conception et fonctionnalit\u00e9<\/h3>\n<p>De Cortenstaal plantenbak zonder bodem heeft een afmeting van 80x80x40 cm, wat hem ruim genoeg maakt voor diverse planten en struiken. Het kubusvormige design zorgt voor een strakke en moderne uitstraling die goed past in zowel een rustieke als een meer hedendaagse omgeving. Bovendien is de plantenbak voorzien van een bodem, waardoor je niet extra hoeft te investeren in een aparte bodemplaat.<\/p>\n<h3>Avantages du planteur en acier Corten<\/h3>\n<ul>\n<li><strong>Mat\u00e9riau durable :<\/strong> L'acier Corten est extr\u00eamement r\u00e9sistant aux intemp\u00e9ries et durera des ann\u00e9es, m\u00eame dans des conditions climatiques difficiles.<\/li>\n<li><strong>Autoprotection :<\/strong> Le rev\u00eatement antirouille unique prot\u00e8ge l'acier contre la corrosion.<\/li>\n<li><strong>Esth\u00e9tiquement agr\u00e9able :<\/strong> La couleur rouille naturelle de l'acier Corten donne un ton chaud et naturel \u00e0 votre jardin.<\/li>\n<li><strong>Facile \u00e0 placer :<\/strong> Sans base, cette jardini\u00e8re est pr\u00eate \u00e0 l'emploi sans autre assemblage.<\/li>\n<li><strong>Peu d'entretien :<\/strong> L'acier Corten ne n\u00e9cessite pas d'entretien r\u00e9gulier tel que la peinture ou le vernissage.<\/li>\n<\/ul>\n<h3>Sp\u00e9cifications techniques<\/h3>\n<p>Les <strong>Planteuse en acier corten<\/strong> is vervaardigd uit hoogwaardig Cortenstaal van 1.5 mm dik, wat zorgt voor zowel stabiliteit als duurzaamheid. De afmetingen van de plantenbak zijn 80x80x60 cm, wat een ideale maat is voor diverse soorten planten. De plantenbak is volledig weerbestendig en kan het hele jaar door buiten blijven staan zonder dat het materiaal zijn kracht verliest.<\/p>\n<h3>Pourquoi choisir le planteur en acier Corten ?<\/h3>\n<p>Cette jardini\u00e8re n'est pas seulement un \u00e9l\u00e9ment fonctionnel pour votre jardin, mais aussi une pi\u00e8ce d'apparat qui ajoute du style et du caract\u00e8re \u00e0 votre espace ext\u00e9rieur. Que vous ayez un jardin minimaliste ou un espace ext\u00e9rieur plus luxuriant, le bac \u00e0 plantes est un \u00e9l\u00e9ment essentiel de votre jardin. <strong>Planteuse en acier corten<\/strong> s'int\u00e8gre parfaitement dans n'importe quel environnement. De plus, il s'agit d'un choix \u00e9cologique, car le mat\u00e9riau est enti\u00e8rement recyclable.<\/p>\n<p>Investissez dans un bac \u00e0 plantes en acier Corten et profitez d'un ajout \u00e9l\u00e9gant et facile d'entretien \u00e0 votre jardin pour les ann\u00e9es \u00e0 venir. Il ne s'agit pas seulement d'un bac \u00e0 plantes, mais d'un \u00e9l\u00e9ment de conception durable qui grandit avec votre jardin !<\/p>\n<h3>Conclusion<\/h3>\n<p>Les <strong>Jardini\u00e8re en acier corten sans base<\/strong>\u00a0est le choix id\u00e9al pour tous ceux qui recherchent une solution durable, \u00e9l\u00e9gante et n\u00e9cessitant peu d'entretien pour leur jardin. Gr\u00e2ce aux propri\u00e9t\u00e9s uniques du mat\u00e9riau et \u00e0 son aspect moderne, c'est le moyen id\u00e9al d'enrichir votre espace ext\u00e9rieur. Commandez d\u00e8s aujourd'hui et transformez votre jardin en une oasis de paix et de style !<\/p>","protected":false},"excerpt":{"rendered":"<h2>Cortenstaal Plantenbak 80x80x60 cm doe het zelf pakket.<\/h2>\n<p>\u00c0 la recherche d'un <strong>\u00e9l\u00e9gant et durable<\/strong> solution pour votre jardin ? Notre <strong>Planteuse en acier corten<\/strong> sans fond offre non seulement une enceinte robuste pour vos plantes, mais ajoute \u00e9galement une touche de charme industriel \u00e0 votre espace ext\u00e9rieur. Avec sa forme parfaite, ce bac est id\u00e9al pour les petites et grandes plantes.<\/p>\n<h3>Avantages de l'acier Corten<\/h3>\n<ul>\n<li><strong>R\u00e9sistant aux intemp\u00e9ries :<\/strong> R\u00e9sistant \u00e0 toutes les conditions climatiques, des \u00e9t\u00e9s \u00e9touffants aux hivers rigoureux.<\/li>\n<li><strong>Dur\u00e9e de vie :<\/strong> L'acier Corten n'est pas seulement r\u00e9sistant, il dure aussi des ann\u00e9es.<\/li>\n<li><strong>Un look unique :<\/strong> L'acier d\u00e9veloppe une couche de rouille protectrice qui donne au bac \u00e0 fleurs un aspect caract\u00e9ristique.<\/li>\n<\/ul>\n<h3>D\u00e9tails techniques<\/h3>\n<p>Le pr\u00e9sent <strong>Planteuse en acier corten<\/strong> est d\u00e9pourvu de fond. Ses dimensions lui permettent d'accueillir une grande vari\u00e9t\u00e9 d'esp\u00e8ces v\u00e9g\u00e9tales, des herbes aux petits arbres.<\/p>\n<p>Donnez un coup de jeune \u00e0 votre jardin avec notre jardini\u00e8re en acier Corten. Parfait pour ceux qui aiment le m\u00e9lange entre la fonctionnalit\u00e9 et l'esth\u00e9tique !<\/p>","protected":false},"featured_media":8016,"template":"","meta":{"rs_blank_template":"","rs_page_bg_color":"","slide_template_v7":""},"product_brand":[],"product_cat":[15,234],"product_tag":[249,245,240,247,246,241,244,242,248,243],"giftcard-category":[],"class_list":{"0":"post-8015","1":"product","2":"type-product","3":"status-publish","4":"has-post-thumbnail","6":"product_cat-kadobon","7":"product_cat-plantenbakken","8":"product_tag-bodem","9":"product_tag-buitenplantenbak","10":"product_tag-cortenstaal","11":"product_tag-duurzaam-materiaal","12":"product_tag-metalen-plantenbak","13":"product_tag-plantenbak","14":"product_tag-roestlook","15":"product_tag-tuindecoratie","16":"product_tag-tuinontwerp","17":"product_tag-vierkante-plantenbak","19":"first","20":"instock","21":"taxable","22":"shipping-taxable","23":"purchasable","24":"product-type-simple"},"_links":{"self":[{"href":"https:\/\/olijfboom-shop.be\/fr\/wp-json\/wp\/v2\/product\/8015","targetHints":{"allow":["GET"]}}],"collection":[{"href":"https:\/\/olijfboom-shop.be\/fr\/wp-json\/wp\/v2\/product"}],"about":[{"href":"https:\/\/olijfboom-shop.be\/fr\/wp-json\/wp\/v2\/types\/product"}],"wp:featuredmedia":[{"embeddable":true,"href":"https:\/\/olijfboom-shop.be\/fr\/wp-json\/wp\/v2\/media\/8016"}],"wp:attachment":[{"href":"https:\/\/olijfboom-shop.be\/fr\/wp-json\/wp\/v2\/media?parent=8015"}],"wp:term":[{"taxonomy":"product_brand","embeddable":true,"href":"https:\/\/olijfboom-shop.be\/fr\/wp-json\/wp\/v2\/product_brand?post=8015"},{"taxonomy":"product_cat","embeddable":true,"href":"https:\/\/olijfboom-shop.be\/fr\/wp-json\/wp\/v2\/product_cat?post=8015"},{"taxonomy":"product_tag","embeddable":true,"href":"https:\/\/olijfboom-shop.be\/fr\/wp-json\/wp\/v2\/product_tag?post=8015"},{"taxonomy":"giftcard-category","embeddable":true,"href":"https:\/\/olijfboom-shop.be\/fr\/wp-json\/wp\/v2\/giftcard-category?post=8015"}],"curies":[{"name":"wp","href":"https:\/\/api.w.org\/{rel}","templated":true}]}}